{"id":482,"date":"2025-06-30T09:03:21","date_gmt":"2025-06-30T09:03:21","guid":{"rendered":"https:\/\/skonhetsmakeriet.se\/?post_type=product&#038;p=482"},"modified":"2025-06-30T09:12:06","modified_gmt":"2025-06-30T09:12:06","slug":"megavolym-fardiga-knippen","status":"publish","type":"product","link":"https:\/\/skonhetsmakeriet.se\/index.php\/produkt\/megavolym-fardiga-knippen\/","title":{"rendered":"Megavolym f\u00e4rdiga knippen"},"content":{"rendered":"<p>Spara tid med v\u00e5ra f\u00e4rdiga megavolymknippen. Fransarnas tjocklek och antalet fransar\/knippe passar alla kunder med normala-tjocka fransar.<\/p>\n<p>500 stycken* i varje ask.<\/p>\n<p>Tjocklek: 0.03<br \/>\nAntal fransar\/knippe: 12<br \/>\nB\u00f6j: D-kurva<\/p>\n<p>&nbsp;<\/p>\n<p>&nbsp;<\/p>\n<p>*Antalet \u00e4r ungef\u00e4rligt<\/p>\n","protected":false},"excerpt":{"rendered":"<p>F\u00e4rdiga megavolymknippen f\u00f6r att spara tid under behandlingarna.<\/p>\n<p>0.03, 12D, D-kurva<\/p>\n","protected":false},"featured_media":503,"comment_status":"closed","ping_status":"closed","template":"","meta":[],"product_brand":[],"product_cat":[38,19],"product_tag":[],"class_list":{"0":"post-482","1":"product","2":"type-product","3":"status-publish","4":"has-post-thumbnail","6":"product_cat-fransforlangning","7":"product_cat-okategoriserad","9":"first","10":"instock","11":"taxable","12":"shipping-taxable","13":"purchasable","14":"product-type-variable"},"jetpack_sharing_enabled":true,"_links":{"self":[{"href":"https:\/\/skonhetsmakeriet.se\/index.php\/wp-json\/wp\/v2\/product\/482","targetHints":{"allow":["GET"]}}],"collection":[{"href":"https:\/\/skonhetsmakeriet.se\/index.php\/wp-json\/wp\/v2\/product"}],"about":[{"href":"https:\/\/skonhetsmakeriet.se\/index.php\/wp-json\/wp\/v2\/types\/product"}],"replies":[{"embeddable":true,"href":"https:\/\/skonhetsmakeriet.se\/index.php\/wp-json\/wp\/v2\/comments?post=482"}],"version-history":[{"count":1,"href":"https:\/\/skonhetsmakeriet.se\/index.php\/wp-json\/wp\/v2\/product\/482\/revisions"}],"predecessor-version":[{"id":515,"href":"https:\/\/skonhetsmakeriet.se\/index.php\/wp-json\/wp\/v2\/product\/482\/revisions\/515"}],"wp:featuredmedia":[{"embeddable":true,"href":"https:\/\/skonhetsmakeriet.se\/index.php\/wp-json\/wp\/v2\/media\/503"}],"wp:attachment":[{"href":"https:\/\/skonhetsmakeriet.se\/index.php\/wp-json\/wp\/v2\/media?parent=482"}],"wp:term":[{"taxonomy":"product_brand","embeddable":true,"href":"https:\/\/skonhetsmakeriet.se\/index.php\/wp-json\/wp\/v2\/product_brand?post=482"},{"taxonomy":"product_cat","embeddable":true,"href":"https:\/\/skonhetsmakeriet.se\/index.php\/wp-json\/wp\/v2\/product_cat?post=482"},{"taxonomy":"product_tag","embeddable":true,"href":"https:\/\/skonhetsmakeriet.se\/index.php\/wp-json\/wp\/v2\/product_tag?post=482"}],"curies":[{"name":"wp","href":"https:\/\/api.w.org\/{rel}","templated":true}]}}