{"id":454,"date":"2025-05-18T12:24:32","date_gmt":"2025-05-18T12:24:32","guid":{"rendered":"https:\/\/skonhetsmakeriet.se\/?post_type=product&#038;p=454"},"modified":"2025-05-19T13:49:20","modified_gmt":"2025-05-19T13:49:20","slug":"lim","status":"publish","type":"product","link":"https:\/\/skonhetsmakeriet.se\/index.php\/produkt\/lim\/","title":{"rendered":"Medium Glue 1-2s"},"content":{"rendered":"<p>Medium Glue 1-2s<\/p>\n<p>Ett starkt och h\u00e5llbart lim f\u00f6r dig som beh\u00f6ver lite l\u00e4ngre tid p\u00e5 dig f\u00f6r att f\u00e5 limmet att torka.<\/p>\n<p>\u00b7 Starkt lim<\/p>\n<p>\u00b7 Svart<\/p>\n<p>\u00b7 Torktid 1-2 sekunder<\/p>\n<p>\u00b7 Lukt och \u00e5nga: L\u00e5g<\/p>\n<p>\u00b7 H\u00e5llbarhet p\u00e5 kund: 50-60 dagar, p\u00e5fyllning rekommenderas \u00e4nd\u00e5 inom 1 m\u00e5nad<\/p>\n<p>\u00b7 F\u00f6redragen temperatur: 18-24 grader<\/p>\n<p>\u00b7 F\u00f6redragen luftfuktighet: 35-65%<\/p>\n<p>\u00b7 H\u00e5llbarhet \u00f6ppnad flaska: 30 dagar<\/p>\n<p>\u00b7 H\u00e5llbarhet o\u00f6ppnad flaska: 8-10 m\u00e5nader<\/p>\n<p>Endast f\u00f6r professionellt bruk!!<\/p>\n<p>Du ansvarar sj\u00e4lv f\u00f6r att ha r\u00e4tt utbildning och kan anv\u00e4nda produkterna p\u00e5 r\u00e4tt s\u00e4tt!<\/p>\n<p>OBS! Limmet har mindre \u00e5ngor och mindre lukt \u00e4n andra typer av lim. D\u00e4rf\u00f6r m\u00e5ste kunden ligga ner och blunda under hela behandlingen, samt b\u00f6r heller inte ha kontaktlinser i \u00f6gonen (under behandlingen).<\/p>\n<p>Limmet \u00e4r godk\u00e4nd f\u00f6r anv\u00e4ndning enligt EU-standard. Dessutom \u00e4r de \u00e4ven testad av oss och \u00e4r riktigt bra att jobba med.<\/p>\n<p>Vi rekommenderar er att INTE ha ert lim i kylsk\u00e5pet. Utan f\u00f6rvara det p\u00e5 ett m\u00f6rkt och svalt st\u00e4lle.<\/p>\n<p>INGREDIENSER:<\/p>\n<p>\u00b7 Ethyl Cyanoacrylate<\/p>\n<p>\u00b7 Carbon Black<\/p>\n<p>Varning:<\/p>\n<p>&nbsp;<\/p>\n<p>Irriterar huden Orsakar allvarlig \u00f6gonirritation Kan orsaka irritation i luftv\u00e4garna Cyanoakrylat. Fara. F\u00e4ster snabbt p\u00e5 hud och \u00f6gon. F\u00f6rvaras o\u00e5tkomligt f\u00f6r barn<\/p>\n<p>OBS! Alla snabblim inneh\u00e5ller cyanoakrylater. F\u00f6r att jobba med dessa s\u00e5 kr\u00e4vs utbildning, h\u00e4lsokontroller och skyddsutrustning.<\/p>\n<p>Kontakta oss f\u00f6r s\u00e4kerhetsdatablad.<\/p>\n","protected":false},"excerpt":{"rendered":"<p>Ett starkt och h\u00e5llbart lim f\u00f6r dig som beh\u00f6ver lite l\u00e4ngre tid p\u00e5 dig f\u00f6r att f\u00e5 limmet att torka.<\/p>\n<p>\u00b7 Starkt lim<\/p>\n<p>\u00b7 Svart<\/p>\n<p>\u00b7 Torktid 1-2 sekunder<\/p>\n<p>\u00b7 Lukt och \u00e5nga: L\u00e5g<\/p>\n<p>\u00b7 H\u00e5llbarhet p\u00e5 kund: 50-60 dagar, p\u00e5fyllning rekommenderas \u00e4nd\u00e5 inom 1 m\u00e5nad<\/p>\n<p>\u00b7 F\u00f6redragen temperatur: 18-24 grader<\/p>\n<p>\u00b7 F\u00f6redragen luftfuktighet: 35-65%<\/p>\n<p>\u00b7 H\u00e5llbarhet \u00f6ppnad flaska: 30 dagar<\/p>\n<p>\u00b7 H\u00e5llbarhet o\u00f6ppnad flaska: 8-10 m\u00e5nader<\/p>\n<p>Endast f\u00f6r professionellt bruk!!<\/p>\n","protected":false},"featured_media":460,"comment_status":"closed","ping_status":"closed","template":"","meta":[],"product_brand":[],"product_cat":[37,38,39],"product_tag":[],"class_list":{"0":"post-454","1":"product","2":"type-product","3":"status-publish","4":"has-post-thumbnail","6":"product_cat-produkter","7":"product_cat-fransforlangning","8":"product_cat-lim-till-fransforlangning-fransforlangning","10":"first","11":"instock","12":"taxable","13":"shipping-taxable","14":"purchasable","15":"product-type-simple"},"jetpack_sharing_enabled":true,"_links":{"self":[{"href":"https:\/\/skonhetsmakeriet.se\/index.php\/wp-json\/wp\/v2\/product\/454","targetHints":{"allow":["GET"]}}],"collection":[{"href":"https:\/\/skonhetsmakeriet.se\/index.php\/wp-json\/wp\/v2\/product"}],"about":[{"href":"https:\/\/skonhetsmakeriet.se\/index.php\/wp-json\/wp\/v2\/types\/product"}],"replies":[{"embeddable":true,"href":"https:\/\/skonhetsmakeriet.se\/index.php\/wp-json\/wp\/v2\/comments?post=454"}],"version-history":[{"count":6,"href":"https:\/\/skonhetsmakeriet.se\/index.php\/wp-json\/wp\/v2\/product\/454\/revisions"}],"predecessor-version":[{"id":470,"href":"https:\/\/skonhetsmakeriet.se\/index.php\/wp-json\/wp\/v2\/product\/454\/revisions\/470"}],"wp:featuredmedia":[{"embeddable":true,"href":"https:\/\/skonhetsmakeriet.se\/index.php\/wp-json\/wp\/v2\/media\/460"}],"wp:attachment":[{"href":"https:\/\/skonhetsmakeriet.se\/index.php\/wp-json\/wp\/v2\/media?parent=454"}],"wp:term":[{"taxonomy":"product_brand","embeddable":true,"href":"https:\/\/skonhetsmakeriet.se\/index.php\/wp-json\/wp\/v2\/product_brand?post=454"},{"taxonomy":"product_cat","embeddable":true,"href":"https:\/\/skonhetsmakeriet.se\/index.php\/wp-json\/wp\/v2\/product_cat?post=454"},{"taxonomy":"product_tag","embeddable":true,"href":"https:\/\/skonhetsmakeriet.se\/index.php\/wp-json\/wp\/v2\/product_tag?post=454"}],"curies":[{"name":"wp","href":"https:\/\/api.w.org\/{rel}","templated":true}]}}