{"id":8,"date":"2025-02-02T12:34:18","date_gmt":"2025-02-02T12:34:18","guid":{"rendered":"https:\/\/skonhetsmakeriet.se\/?page_id=8"},"modified":"2025-02-12T12:04:04","modified_gmt":"2025-02-12T12:04:04","slug":"elementor-8","status":"publish","type":"page","link":"https:\/\/skonhetsmakeriet.se\/","title":{"rendered":"Start"},"content":{"rendered":"\t\t<div data-elementor-type=\"wp-post\" data-elementor-id=\"8\" class=\"elementor elementor-8\" data-elementor-post-type=\"page\">\n\t\t\t\t<div class=\"elementor-element elementor-element-1a33b63 e-flex e-con-boxed e-con e-parent\" data-id=\"1a33b63\" data-element_type=\"container\" data-e-type=\"container\">\n\t\t\t\t\t<div class=\"e-con-inner\">\n\t\t\t\t<div class=\"elementor-element elementor-element-0eb458d elementor-widget elementor-widget-heading\" data-id=\"0eb458d\" data-element_type=\"widget\" data-e-type=\"widget\" data-widget_type=\"heading.default\">\n\t\t\t\t<div class=\"elementor-widget-container\">\n\t\t\t\t\t<h2 class=\"elementor-heading-title elementor-size-default\">\u2728 Sk\u00f6nhetsmakeriet \u2013 Professionella Sk\u00f6nhetsbehandlingar i Markaryd<\/h2>\t\t\t\t<\/div>\n\t\t\t\t<\/div>\n\t\t\t\t<div class=\"elementor-element elementor-element-2819fa0 elementor-widget elementor-widget-image\" data-id=\"2819fa0\" data-element_type=\"widget\" data-e-type=\"widget\" data-widget_type=\"image.default\">\n\t\t\t\t<div class=\"elementor-widget-container\">\n\t\t\t\t\t\t\t\t\t\t\t\t\t\t\t<img fetchpriority=\"high\" decoding=\"async\" width=\"800\" height=\"794\" src=\"https:\/\/skonhetsmakeriet.se\/wp-content\/uploads\/2025\/02\/Screenshot_20250203_120158_Instagram-1024x1016.jpg\" class=\"attachment-large size-large wp-image-127\" alt=\"\" srcset=\"https:\/\/skonhetsmakeriet.se\/wp-content\/uploads\/2025\/02\/Screenshot_20250203_120158_Instagram-1024x1016.jpg 1024w, https:\/\/skonhetsmakeriet.se\/wp-content\/uploads\/2025\/02\/Screenshot_20250203_120158_Instagram-300x298.jpg 300w, https:\/\/skonhetsmakeriet.se\/wp-content\/uploads\/2025\/02\/Screenshot_20250203_120158_Instagram-150x150.jpg 150w, https:\/\/skonhetsmakeriet.se\/wp-content\/uploads\/2025\/02\/Screenshot_20250203_120158_Instagram-768x762.jpg 768w, https:\/\/skonhetsmakeriet.se\/wp-content\/uploads\/2025\/02\/Screenshot_20250203_120158_Instagram-600x596.jpg 600w, https:\/\/skonhetsmakeriet.se\/wp-content\/uploads\/2025\/02\/Screenshot_20250203_120158_Instagram-100x100.jpg 100w, https:\/\/skonhetsmakeriet.se\/wp-content\/uploads\/2025\/02\/Screenshot_20250203_120158_Instagram.jpg 1080w\" sizes=\"(max-width: 800px) 100vw, 800px\" \/>\t\t\t\t\t\t\t\t\t\t\t\t\t\t\t<\/div>\n\t\t\t\t<\/div>\n\t\t\t\t<div class=\"elementor-element elementor-element-acf0e28 elementor-widget elementor-widget-heading\" data-id=\"acf0e28\" data-element_type=\"widget\" data-e-type=\"widget\" data-widget_type=\"heading.default\">\n\t\t\t\t<div class=\"elementor-widget-container\">\n\t\t\t\t\t<h2 class=\"elementor-heading-title elementor-size-default\">Utvalda produkter<\/h2>\t\t\t\t<\/div>\n\t\t\t\t<\/div>\n\t\t\t\t\t<\/div>\n\t\t\t\t<\/div>\n\t\t<div class=\"elementor-element elementor-element-1af6596 e-flex e-con-boxed e-con e-parent\" data-id=\"1af6596\" data-element_type=\"container\" data-e-type=\"container\">\n\t\t\t\t\t<div class=\"e-con-inner\">\n\t\t\t\t<div class=\"elementor-element elementor-element-5568410 elementor-widget elementor-widget-spacer\" data-id=\"5568410\" data-element_type=\"widget\" data-e-type=\"widget\" data-widget_type=\"spacer.default\">\n\t\t\t\t<div class=\"elementor-widget-container\">\n\t\t\t\t\t\t\t<div class=\"elementor-spacer\">\n\t\t\t<div class=\"elementor-spacer-inner\"><\/div>\n\t\t<\/div>\n\t\t\t\t\t\t<\/div>\n\t\t\t\t<\/div>\n\t\t\t\t\t<\/div>\n\t\t\t\t<\/div>\n\t\t<div class=\"elementor-element elementor-element-a1e5ad0 e-flex e-con-boxed e-con e-parent\" data-id=\"a1e5ad0\" data-element_type=\"container\" data-e-type=\"container\">\n\t\t\t\t\t<div class=\"e-con-inner\">\n\t\t\t\t<div class=\"elementor-element elementor-element-36f9f06 elementor-widget elementor-widget-heading\" data-id=\"36f9f06\" data-element_type=\"widget\" data-e-type=\"widget\" data-widget_type=\"heading.default\">\n\t\t\t\t<div class=\"elementor-widget-container\">\n\t\t\t\t\t<h2 class=\"elementor-heading-title elementor-size-default\">Utvalda kurser<\/h2>\t\t\t\t<\/div>\n\t\t\t\t<\/div>\n\t\t\t\t<div class=\"elementor-element elementor-element-6c7600b elementor-widget elementor-widget-ld-course-list\" data-id=\"6c7600b\" data-element_type=\"widget\" data-e-type=\"widget\" data-widget_type=\"ld-course-list.default\">\n\t\t\t\t<div class=\"elementor-widget-container\">\n\t\t\t\t\t<div id=\"ld-course-list-content-66e1fcd04f39797cd25bb85091f702fe\" class=\"ld-course-list-content\" data-shortcode-atts=\"{&quot;order&quot;:&quot;DESC&quot;,&quot;orderby&quot;:&quot;ID&quot;,&quot;course_grid&quot;:&quot;true&quot;,&quot;progress_bar&quot;:&quot;&quot;,&quot;col&quot;:&quot;3&quot;,&quot;course_cat&quot;:&quot;34&quot;,&quot;course_categoryselector&quot;:&quot;&quot;}\">\n\t\t\t<div class=\"ld-course-list-items row\">\n\t<!-- LearnDash Course Grid v1 --><div class=\"ld_course_grid col-sm-8 col-md-4 \">\n\t<article id=\"post-377\" class=\" thumbnail course post-377 sfwd-courses type-sfwd-courses status-publish has-post-thumbnail hentry ld_course_category-startsidan\">\n\t\t\t\t\t\n\t\t\t\t\t\t<a\n\t\t\t\taria-hidden=\"true\"\n\t\t\t\thref=\"https:\/\/skonhetsmakeriet.se\/index.php\/courses\/tandblekning-dsmile\/\"\n\t\t\t\ttabindex=\"-1\"\n\t\t\t>\n\t\t\t\t<img decoding=\"async\" width=\"300\" height=\"251\" src=\"https:\/\/skonhetsmakeriet.se\/wp-content\/uploads\/2025\/02\/Valkommen-till-Skonhetsmakeriet-Facebook-inlagg-Liggande_20250203_122050_0000-300x251.png\" class=\"attachment-medium size-medium wp-post-image\" alt=\"Tandblekning DSmile\" srcset=\"https:\/\/skonhetsmakeriet.se\/wp-content\/uploads\/2025\/02\/Valkommen-till-Skonhetsmakeriet-Facebook-inlagg-Liggande_20250203_122050_0000-300x251.png 300w, https:\/\/skonhetsmakeriet.se\/wp-content\/uploads\/2025\/02\/Valkommen-till-Skonhetsmakeriet-Facebook-inlagg-Liggande_20250203_122050_0000-768x644.png 768w, https:\/\/skonhetsmakeriet.se\/wp-content\/uploads\/2025\/02\/Valkommen-till-Skonhetsmakeriet-Facebook-inlagg-Liggande_20250203_122050_0000-600x503.png 600w, https:\/\/skonhetsmakeriet.se\/wp-content\/uploads\/2025\/02\/Valkommen-till-Skonhetsmakeriet-Facebook-inlagg-Liggande_20250203_122050_0000.png 940w\" sizes=\"(max-width: 300px) 100vw, 300px\" \/>\t\t\t<\/a>\n\t\t\t\t\t\n\t\t\t\t\t<div class=\"caption\">\n\t\t\t\t<h3 class=\"entry-title\">Tandblekning DSmile<\/h3>\n\t\t\t\t\t\t\t\t<div class=\"ld_course_grid_button\">\n\t\t\t\t\t<a\n\t\t\t\t\t\taria-label=\"Enroll Now: Tandblekning DSmile\"\n\t\t\t\t\t\tclass=\"btn btn-primary\"\n\t\t\t\t\t\thref=\"https:\/\/skonhetsmakeriet.se\/index.php\/courses\/tandblekning-dsmile\/\"\n\t\t\t\t\t>\n\t\t\t\t\t\tEnroll Now\t\t\t\t\t<\/a>\n\t\t\t\t<\/div>\n\t\t\t\t\t\t\t<\/div><!-- .entry-header -->\n\t\t\t<\/article><!-- #post-## -->\n<\/div><!-- .ld_course_grid -->\n<!-- LearnDash Course Grid v1 --><div class=\"ld_course_grid col-sm-8 col-md-4 \">\n\t<article id=\"post-367\" class=\" thumbnail course post-367 sfwd-courses type-sfwd-courses status-publish has-post-thumbnail hentry ld_course_category-startsidan\">\n\t\t\t\t\t\t\t\t<div class=\"ribbon\">\n\t\t\t\tkr3,000\t\t\t<\/div>\n\t\t\t\n\t\t\t\t\t\t<a\n\t\t\t\taria-hidden=\"true\"\n\t\t\t\thref=\"https:\/\/skonhetsmakeriet.se\/index.php\/courses\/utbildning-fransstylist-singel-mixade-volym\/\"\n\t\t\t\ttabindex=\"-1\"\n\t\t\t>\n\t\t\t\t<img decoding=\"async\" width=\"300\" height=\"251\" src=\"https:\/\/skonhetsmakeriet.se\/wp-content\/uploads\/2025\/02\/Valkommen-till-Skonhetsmakeriet-Facebook-inlagg-Liggande_20250203_121647_0000-300x251.png\" class=\"attachment-medium size-medium wp-post-image\" alt=\"Fransstylist &#8211; Singel, mixade &amp; volym\" srcset=\"https:\/\/skonhetsmakeriet.se\/wp-content\/uploads\/2025\/02\/Valkommen-till-Skonhetsmakeriet-Facebook-inlagg-Liggande_20250203_121647_0000-300x251.png 300w, https:\/\/skonhetsmakeriet.se\/wp-content\/uploads\/2025\/02\/Valkommen-till-Skonhetsmakeriet-Facebook-inlagg-Liggande_20250203_121647_0000-768x644.png 768w, https:\/\/skonhetsmakeriet.se\/wp-content\/uploads\/2025\/02\/Valkommen-till-Skonhetsmakeriet-Facebook-inlagg-Liggande_20250203_121647_0000-600x503.png 600w, https:\/\/skonhetsmakeriet.se\/wp-content\/uploads\/2025\/02\/Valkommen-till-Skonhetsmakeriet-Facebook-inlagg-Liggande_20250203_121647_0000.png 940w\" sizes=\"(max-width: 300px) 100vw, 300px\" \/>\t\t\t<\/a>\n\t\t\t\t\t\n\t\t\t\t\t<div class=\"caption\">\n\t\t\t\t<h3 class=\"entry-title\">Fransstylist &#8211; Singel, mixade &amp; volym<\/h3>\n\t\t\t\t\t\t\t\t<div class=\"ld_course_grid_button\">\n\t\t\t\t\t<a\n\t\t\t\t\t\taria-label=\"Enroll Now: Fransstylist &#8211; Singel, mixade &amp; volym\"\n\t\t\t\t\t\tclass=\"btn btn-primary\"\n\t\t\t\t\t\thref=\"https:\/\/skonhetsmakeriet.se\/index.php\/courses\/utbildning-fransstylist-singel-mixade-volym\/\"\n\t\t\t\t\t>\n\t\t\t\t\t\tEnroll Now\t\t\t\t\t<\/a>\n\t\t\t\t<\/div>\n\t\t\t\t\t\t\t<\/div><!-- .entry-header -->\n\t\t\t<\/article><!-- #post-## -->\n<\/div><!-- .ld_course_grid -->\n<!-- LearnDash Course Grid v1 --><div class=\"ld_course_grid col-sm-8 col-md-4 \">\n\t<article id=\"post-326\" class=\" thumbnail course post-326 sfwd-courses type-sfwd-courses status-publish has-post-thumbnail hentry ld_course_category-startsidan\">\n\t\t\t\t\t\t\t\t<div class=\"ribbon\">\n\t\t\t\tkr10,600\t\t\t<\/div>\n\t\t\t\n\t\t\t\t\t\t<a\n\t\t\t\taria-hidden=\"true\"\n\t\t\t\thref=\"https:\/\/skonhetsmakeriet.se\/index.php\/courses\/twinkles-tandsmycke\/\"\n\t\t\t\ttabindex=\"-1\"\n\t\t\t>\n\t\t\t\t<img loading=\"lazy\" decoding=\"async\" width=\"300\" height=\"251\" src=\"https:\/\/skonhetsmakeriet.se\/wp-content\/uploads\/2025\/02\/Valkommen-till-Skonhetsmakeriet-Facebook-inlagg-Liggande_20250203_122038_0000-300x251.png\" class=\"attachment-medium size-medium wp-post-image\" alt=\"Twinkles tandsmycke\" srcset=\"https:\/\/skonhetsmakeriet.se\/wp-content\/uploads\/2025\/02\/Valkommen-till-Skonhetsmakeriet-Facebook-inlagg-Liggande_20250203_122038_0000-300x251.png 300w, https:\/\/skonhetsmakeriet.se\/wp-content\/uploads\/2025\/02\/Valkommen-till-Skonhetsmakeriet-Facebook-inlagg-Liggande_20250203_122038_0000-768x644.png 768w, https:\/\/skonhetsmakeriet.se\/wp-content\/uploads\/2025\/02\/Valkommen-till-Skonhetsmakeriet-Facebook-inlagg-Liggande_20250203_122038_0000-600x503.png 600w, https:\/\/skonhetsmakeriet.se\/wp-content\/uploads\/2025\/02\/Valkommen-till-Skonhetsmakeriet-Facebook-inlagg-Liggande_20250203_122038_0000.png 940w\" sizes=\"(max-width: 300px) 100vw, 300px\" \/>\t\t\t<\/a>\n\t\t\t\t\t\n\t\t\t\t\t<div class=\"caption\">\n\t\t\t\t<h3 class=\"entry-title\">Twinkles tandsmycke<\/h3>\n\t\t\t\t\t\t\t\t<div class=\"ld_course_grid_button\">\n\t\t\t\t\t<a\n\t\t\t\t\t\taria-label=\"Enroll Now: Twinkles tandsmycke\"\n\t\t\t\t\t\tclass=\"btn btn-primary\"\n\t\t\t\t\t\thref=\"https:\/\/skonhetsmakeriet.se\/index.php\/courses\/twinkles-tandsmycke\/\"\n\t\t\t\t\t>\n\t\t\t\t\t\tEnroll Now\t\t\t\t\t<\/a>\n\t\t\t\t<\/div>\n\t\t\t\t\t\t\t<\/div><!-- .entry-header -->\n\t\t\t<\/article><!-- #post-## -->\n<\/div><!-- .ld_course_grid -->\n\t<\/div>\n\t\t\t<\/div>\n\t\t\t\t\t\t<\/div>\n\t\t\t\t<\/div>\n\t\t\t\t<div class=\"elementor-element elementor-element-ed7d4d1 elementor-widget elementor-widget-spacer\" data-id=\"ed7d4d1\" data-element_type=\"widget\" data-e-type=\"widget\" data-widget_type=\"spacer.default\">\n\t\t\t\t<div class=\"elementor-widget-container\">\n\t\t\t\t\t\t\t<div class=\"elementor-spacer\">\n\t\t\t<div class=\"elementor-spacer-inner\"><\/div>\n\t\t<\/div>\n\t\t\t\t\t\t<\/div>\n\t\t\t\t<\/div>\n\t\t\t\t<div class=\"elementor-element elementor-element-b5f40d8 elementor-widget elementor-widget-text-editor\" data-id=\"b5f40d8\" data-element_type=\"widget\" data-e-type=\"widget\" data-widget_type=\"text-editor.default\">\n\t\t\t\t<div class=\"elementor-widget-container\">\n\t\t\t\t\t\t\t\t\t<p style=\"text-align: center; font-family: Arial, sans-serif; font-size: 18px; line-height: 1.6;\"><strong style=\"color: #d63384;\">\u2728 H\u00e5r &amp; Styling:<\/strong> F\u00e4rgning, Slingor, Konsultation, Herrklippning, Damklippning, H\u00e5rstyling, Rensning, Salongsinpackning |<br><strong style=\"color: #20c997;\">\u2728 Massage &amp; Friskv\u00e5rd:<\/strong> Massage, Friskv\u00e5rd |<br><strong style=\"color: #fd7e14;\">\u2728 Utbildningar:<\/strong> Utbildning Twinkles tandsmycke, Utbildning Spraytan, Utbildning Kombinerad BB Glow &amp; Microneedling, Utbildning Microneedling, Utbildning BB Glow, Utbildning kombinerad Lash Lift &amp; Brow Lamination, Utbildning Lash Lift, Utbildning Brow Lamination, Utbildning Hyaluron Lip Pen, Utbildning Fransstylist &#8211; Singel, mixade &amp; volym, Utbildning &#8211; Vidareutbildning Volymfransar, Utbildning Tandblekning DSmile |<br><strong style=\"color: #6f42c1;\">\u2728 Sk\u00f6nhet &amp; Behandlingar:<\/strong> Botoxkv\u00e4ll, Profhilo hals eller ansikte |<br><strong style=\"color: #0d6efd;\">\u2728 Piercing &amp; Smycken:<\/strong> Piercing &amp; \u00d6ronh\u00e5ltagning, Navelpiercing, N\u00e4spiercing, Byte av piercingsmycke |<br><strong style=\"color: #dc3545;\">\u2728 Fillers &amp; Kosmetiska Behandlingar:<\/strong> Fillers med hyaluron lip pen, Microblading |<br><strong style=\"color: #198754;\">\u2728 Tandblekning &amp; Tandsmycke:<\/strong> Tandblekning &amp; Tandsmycke, Tandblekning &#8211; DSMILE, Tandblekning touch up, Tandsmycke Twinkles |<br><strong style=\"color: #6610f2;\">\u2728 Hudv\u00e5rd &amp; Ansiktsbehandlingar:<\/strong> Ansiktsbehandlingar\/Hudv\u00e5rd, Ansiktsmassage Friskv\u00e5rd, Microneedling, BB Glow, Kombinerad BB Glow &amp; Microneedling, Microneedling celluliter\/\u00e4rr\/bristningar |<br><strong style=\"color: #ff5733;\">\u2728 Naglar:<\/strong> Nagelf\u00f6rl\u00e4ngning Nytt Set enf\u00e4rgade, Gellack vanlig gel, Gellack f\u00f6rst\u00e4rkande, Gellack f\u00f6rst\u00e4rkande design, Manikyr inkl. nagellack, Lagning Nagel, Handmassage friskv\u00e5rd inkl. nagellack, Nagelf\u00f6rl\u00e4ngning borttagning |<br><strong style=\"color: #17a2b8;\">\u2728 Spraytan:<\/strong> Spraytan helkropp inkl. ansikte |<br><strong style=\"color: #fd7e14;\">\u2728 Fransar &amp; Bryn:<\/strong>&nbsp;Fransf\u00f6rl\u00e4ngning, F\u00e4rgning + vaxning \u00f6gonbryn, Lashlift &amp; Browlift, Browlift |<br><strong style=\"color: #28a745;\">\u2728 Fotv\u00e5rd:<\/strong> Gellack t\u00e5naglar, Klassisk fotv\u00e5rd, F\u00f6rl\u00e4ngning\/lagning av t\u00e5naglar<\/p>\t\t\t\t\t\t\t\t<\/div>\n\t\t\t\t<\/div>\n\t\t\t\t\t<\/div>\n\t\t\t\t<\/div>\n\t\t\t\t<\/div>\n\t\t","protected":false},"excerpt":{"rendered":"<p>\u2728 Sk\u00f6nhetsmakeriet \u2013 Professionella Sk\u00f6nhetsbehandlingar i Markaryd Utvalda produkter Utvalda kurser \u2728 H\u00e5r &amp; Styling: F\u00e4rgning, Slingor, Konsultation, Herrklippning, Damklippning, H\u00e5rstyling, Rensning, Salongsinpackning |\u2728 Massage &amp; Friskv\u00e5rd: Massage, Friskv\u00e5rd |\u2728 Utbildningar: Utbildning Twinkles tandsmycke, Utbildning Spraytan, Utbildning Kombinerad BB Glow &amp; Microneedling, Utbildning Microneedling, Utbildning BB Glow, Utbildning kombinerad Lash Lift &amp; Brow Lamination, Utbildning [&hellip;]<\/p>\n","protected":false},"author":1,"featured_media":0,"parent":0,"menu_order":0,"comment_status":"closed","ping_status":"closed","template":"","meta":{"footnotes":""},"class_list":["post-8","page","type-page","status-publish","hentry"],"jetpack_sharing_enabled":true,"_links":{"self":[{"href":"https:\/\/skonhetsmakeriet.se\/index.php\/wp-json\/wp\/v2\/pages\/8","targetHints":{"allow":["GET"]}}],"collection":[{"href":"https:\/\/skonhetsmakeriet.se\/index.php\/wp-json\/wp\/v2\/pages"}],"about":[{"href":"https:\/\/skonhetsmakeriet.se\/index.php\/wp-json\/wp\/v2\/types\/page"}],"author":[{"embeddable":true,"href":"https:\/\/skonhetsmakeriet.se\/index.php\/wp-json\/wp\/v2\/users\/1"}],"replies":[{"embeddable":true,"href":"https:\/\/skonhetsmakeriet.se\/index.php\/wp-json\/wp\/v2\/comments?post=8"}],"version-history":[{"count":57,"href":"https:\/\/skonhetsmakeriet.se\/index.php\/wp-json\/wp\/v2\/pages\/8\/revisions"}],"predecessor-version":[{"id":451,"href":"https:\/\/skonhetsmakeriet.se\/index.php\/wp-json\/wp\/v2\/pages\/8\/revisions\/451"}],"wp:attachment":[{"href":"https:\/\/skonhetsmakeriet.se\/index.php\/wp-json\/wp\/v2\/media?parent=8"}],"curies":[{"name":"wp","href":"https:\/\/api.w.org\/{rel}","templated":true}]}}