{"id":3,"date":"2025-02-01T08:56:21","date_gmt":"2025-02-01T08:56:21","guid":{"rendered":"https:\/\/skonhetsmakeriet.se\/?page_id=3"},"modified":"2025-02-10T11:34:12","modified_gmt":"2025-02-10T11:34:12","slug":"privacy-policy","status":"publish","type":"page","link":"https:\/\/skonhetsmakeriet.se\/index.php\/privacy-policy\/","title":{"rendered":"Integritetspolicy"},"content":{"rendered":"\t\t<div data-elementor-type=\"wp-page\" data-elementor-id=\"3\" class=\"elementor elementor-3\" data-elementor-post-type=\"page\">\n\t\t\t\t<div class=\"elementor-element elementor-element-35a2bfba e-flex e-con-boxed e-con e-parent\" data-id=\"35a2bfba\" data-element_type=\"container\" data-e-type=\"container\">\n\t\t\t\t\t<div class=\"e-con-inner\">\n\t\t\t\t<div class=\"elementor-element elementor-element-b30b0ca elementor-widget elementor-widget-image\" data-id=\"b30b0ca\" data-element_type=\"widget\" data-e-type=\"widget\" data-widget_type=\"image.default\">\n\t\t\t\t<div class=\"elementor-widget-container\">\n\t\t\t\t\t\t\t\t\t\t\t\t\t\t\t<img fetchpriority=\"high\" decoding=\"async\" width=\"300\" height=\"300\" src=\"https:\/\/skonhetsmakeriet.se\/wp-content\/uploads\/2025\/02\/274095010_5376279582401749_6775302874190031417_n-300x300.jpg\" class=\"attachment-medium size-medium wp-image-13\" alt=\"\" srcset=\"https:\/\/skonhetsmakeriet.se\/wp-content\/uploads\/2025\/02\/274095010_5376279582401749_6775302874190031417_n-300x300.jpg 300w, https:\/\/skonhetsmakeriet.se\/wp-content\/uploads\/2025\/02\/274095010_5376279582401749_6775302874190031417_n-100x100.jpg 100w, https:\/\/skonhetsmakeriet.se\/wp-content\/uploads\/2025\/02\/274095010_5376279582401749_6775302874190031417_n-600x599.jpg 600w, https:\/\/skonhetsmakeriet.se\/wp-content\/uploads\/2025\/02\/274095010_5376279582401749_6775302874190031417_n-150x150.jpg 150w, https:\/\/skonhetsmakeriet.se\/wp-content\/uploads\/2025\/02\/274095010_5376279582401749_6775302874190031417_n-768x767.jpg 768w, https:\/\/skonhetsmakeriet.se\/wp-content\/uploads\/2025\/02\/274095010_5376279582401749_6775302874190031417_n.jpg 960w\" sizes=\"(max-width: 300px) 100vw, 300px\" \/>\t\t\t\t\t\t\t\t\t\t\t\t\t\t\t<\/div>\n\t\t\t\t<\/div>\n\t\t\t\t<div class=\"elementor-element elementor-element-17343b4c elementor-widget elementor-widget-text-editor\" data-id=\"17343b4c\" data-element_type=\"widget\" data-e-type=\"widget\" data-widget_type=\"text-editor.default\">\n\t\t\t\t<div class=\"elementor-widget-container\">\n\t\t\t\t\t\t\t\t\t<h3>Vilka vi \u00e4r<\/h3>\n<p>V\u00e5r webbplatsadress \u00e4r: <a href=\"https:\/\/skonhetsmakeriet.se\/\">https:\/\/skonhetsmakeriet.se<\/a>.<\/p>\n<hr \/>\n<h3>Kommentarer<\/h3>\n<p><strong>F\u00f6reslagen text:<\/strong> N\u00e4r bes\u00f6kare l\u00e4mnar kommentarer p\u00e5 webbplatsen samlar vi in de uppgifter som visas i kommentarsformul\u00e4ret, samt bes\u00f6karens IP-adress och webbl\u00e4sarens anv\u00e4ndaragentstr\u00e4ng f\u00f6r att hj\u00e4lpa till med att uppt\u00e4cka skr\u00e4ppost.<\/p>\n<p>En anonymiserad str\u00e4ng som skapats fr\u00e5n din e-postadress (\u00e4ven kallad en hash) kan tillhandah\u00e5llas till Gravatar-tj\u00e4nsten f\u00f6r att se om du anv\u00e4nder den. Gravatar-tj\u00e4nstens integritetspolicy finns h\u00e4r: <a href=\"https:\/\/automattic.com\/privacy\/\" target=\"_blank\" rel=\"noopener\">https:\/\/automattic.com\/privacy\/<\/a>. Efter att din kommentar har godk\u00e4nts kommer din profilbild att vara synlig f\u00f6r allm\u00e4nheten i samband med din kommentar.<\/p>\n<hr \/>\n<h3>Media<\/h3>\n<p><strong>F\u00f6reslagen text:<\/strong> Om du laddar upp bilder till webbplatsen b\u00f6r du undvika att ladda upp bilder som inneh\u00e5ller inb\u00e4ddad platsdata (EXIF GPS). Bes\u00f6kare p\u00e5 webbplatsen kan ladda ner och extrahera eventuell platsdata fr\u00e5n bilder p\u00e5 webbplatsen.<\/p>\n<p>Ladda aldrig upp bilder som kan vara upphovsskyddade d\u00e5 detta kan leda till kostsamma skadest\u00e5ndskrav.<\/p>\n<hr \/>\n<h3>Cookies<\/h3>\n<p><strong>F\u00f6reslagen text:<\/strong> Om du l\u00e4mnar en kommentar p\u00e5 v\u00e5r webbplats kan du v\u00e4lja att spara ditt namn, din e-postadress och webbplats i cookies. Dessa \u00e4r f\u00f6r din bekv\u00e4mlighet s\u00e5 att du inte beh\u00f6ver fylla i dina uppgifter igen n\u00e4r du l\u00e4mnar en ny kommentar. Dessa cookies varar i ett \u00e5r.<\/p>\n<p>Om du bes\u00f6ker v\u00e5r inloggningssida kommer vi att s\u00e4tta en tillf\u00e4llig cookie f\u00f6r att avg\u00f6ra om din webbl\u00e4sare accepterar cookies. Denna cookie inneh\u00e5ller ingen personlig data och tas bort n\u00e4r du st\u00e4nger din webbl\u00e4sare.<\/p>\n<p>N\u00e4r du loggar in kommer vi ocks\u00e5 att st\u00e4lla in flera cookies f\u00f6r att spara din inloggningsinformation och dina visningsinst\u00e4llningar f\u00f6r sk\u00e4rmen. Inloggningscookies varar i tv\u00e5 dagar, och cookies f\u00f6r sk\u00e4rminst\u00e4llningar varar i ett \u00e5r. Om du v\u00e4ljer &#8220;Kom ih\u00e5g mig&#8221; kommer din inloggning att kvarst\u00e5 i tv\u00e5 veckor. Om du loggar ut fr\u00e5n ditt konto tas inloggningscookies bort.<\/p>\n<p>Om du redigerar eller publicerar en artikel kommer en ytterligare cookie att sparas i din webbl\u00e4sare. Denna cookie inneh\u00e5ller ingen personlig data och indikerar endast inl\u00e4ggs-ID f\u00f6r den artikel du just redigerade. Den l\u00f6per ut efter en dag.<\/p>\n<hr \/>\n<h3>Inb\u00e4ddat inneh\u00e5ll fr\u00e5n andra webbplatser<\/h3>\n<p><strong>F\u00f6reslagen text:<\/strong> Artiklar p\u00e5 denna webbplats kan inneh\u00e5lla inb\u00e4ddat inneh\u00e5ll (t.ex. videor, bilder, artiklar, etc.). Inb\u00e4ddat inneh\u00e5ll fr\u00e5n andra webbplatser beter sig p\u00e5 exakt samma s\u00e4tt som om bes\u00f6karen hade bes\u00f6kt den andra webbplatsen.<\/p>\n<p>Dessa webbplatser kan samla in data om dig, anv\u00e4nda cookies, b\u00e4dda in ytterligare sp\u00e5rning fr\u00e5n tredje part och \u00f6vervaka din interaktion med det inb\u00e4ddade inneh\u00e5llet, inklusive att sp\u00e5ra din interaktion om du har ett konto och \u00e4r inloggad p\u00e5 den webbplatsen.<\/p>\n<hr \/>\n<h3>Vem vi delar din data med<\/h3>\n<p><strong>F\u00f6reslagen text:<\/strong> Om du beg\u00e4r en \u00e5terst\u00e4llning av l\u00f6senord kommer din IP-adress att inkluderas i \u00e5terst\u00e4llningsmejlet.<\/p>\n<hr \/>\n<h3>Hur l\u00e4nge vi beh\u00e5ller din data<\/h3>\n<p><strong>F\u00f6reslagen text:<\/strong> Om du l\u00e4mnar en kommentar sparas kommentaren och dess metadata p\u00e5 obest\u00e4md tid. Detta g\u00f6rs f\u00f6r att vi automatiskt ska kunna k\u00e4nna igen och godk\u00e4nna uppf\u00f6ljande kommentarer ist\u00e4llet f\u00f6r att h\u00e5lla dem i en modereringsk\u00f6.<\/p>\n<p>F\u00f6r anv\u00e4ndare som registrerar sig p\u00e5 v\u00e5r webbplats (om n\u00e5gra), sparar vi \u00e4ven den personliga information de tillhandah\u00e5ller i sin anv\u00e4ndarprofil. Alla anv\u00e4ndare kan se, redigera eller radera sin personliga information n\u00e4r som helst (f\u00f6rutom att de inte kan \u00e4ndra sitt anv\u00e4ndarnamn). Webbplatsens administrat\u00f6rer kan ocks\u00e5 se och redigera denna information.<\/p>\n<hr \/>\n<h3>Dina r\u00e4ttigheter \u00f6ver din data<\/h3>\n<p><strong>F\u00f6reslagen text:<\/strong> Om du har ett konto p\u00e5 denna webbplats, eller har l\u00e4mnat kommentarer, kan du beg\u00e4ra att f\u00e5 en exporterad fil med den personliga data vi har om dig, inklusive all data du har gett oss. Du kan ocks\u00e5 beg\u00e4ra att vi raderar all personlig data vi har om dig. Detta inkluderar inte data vi \u00e4r skyldiga att beh\u00e5lla f\u00f6r administrativa, juridiska eller s\u00e4kerhetsrelaterade \u00e4ndam\u00e5l.<\/p>\n<hr \/>\n<h3>Vart din data skickas<\/h3>\n<p><strong>F\u00f6reslagen text:<\/strong> Bes\u00f6kares kommentarer kan kontrolleras genom en automatiserad tj\u00e4nst f\u00f6r skr\u00e4ppostdetektion.<\/p>\t\t\t\t\t\t\t\t<\/div>\n\t\t\t\t<\/div>\n\t\t\t\t\t<\/div>\n\t\t\t\t<\/div>\n\t\t\t\t<\/div>\n\t\t","protected":false},"excerpt":{"rendered":"<p>Vilka vi \u00e4r V\u00e5r webbplatsadress \u00e4r: https:\/\/skonhetsmakeriet.se. Kommentarer F\u00f6reslagen text: N\u00e4r bes\u00f6kare l\u00e4mnar kommentarer p\u00e5 webbplatsen samlar vi in de uppgifter som visas i kommentarsformul\u00e4ret, samt bes\u00f6karens IP-adress och webbl\u00e4sarens anv\u00e4ndaragentstr\u00e4ng f\u00f6r att hj\u00e4lpa till med att uppt\u00e4cka skr\u00e4ppost. En anonymiserad str\u00e4ng som skapats fr\u00e5n din e-postadress (\u00e4ven kallad en hash) kan tillhandah\u00e5llas till Gravatar-tj\u00e4nsten [&hellip;]<\/p>\n","protected":false},"author":1,"featured_media":0,"parent":0,"menu_order":0,"comment_status":"closed","ping_status":"open","template":"","meta":{"footnotes":""},"class_list":["post-3","page","type-page","status-publish","hentry"],"jetpack_sharing_enabled":true,"_links":{"self":[{"href":"https:\/\/skonhetsmakeriet.se\/index.php\/wp-json\/wp\/v2\/pages\/3","targetHints":{"allow":["GET"]}}],"collection":[{"href":"https:\/\/skonhetsmakeriet.se\/index.php\/wp-json\/wp\/v2\/pages"}],"about":[{"href":"https:\/\/skonhetsmakeriet.se\/index.php\/wp-json\/wp\/v2\/types\/page"}],"author":[{"embeddable":true,"href":"https:\/\/skonhetsmakeriet.se\/index.php\/wp-json\/wp\/v2\/users\/1"}],"replies":[{"embeddable":true,"href":"https:\/\/skonhetsmakeriet.se\/index.php\/wp-json\/wp\/v2\/comments?post=3"}],"version-history":[{"count":11,"href":"https:\/\/skonhetsmakeriet.se\/index.php\/wp-json\/wp\/v2\/pages\/3\/revisions"}],"predecessor-version":[{"id":284,"href":"https:\/\/skonhetsmakeriet.se\/index.php\/wp-json\/wp\/v2\/pages\/3\/revisions\/284"}],"wp:attachment":[{"href":"https:\/\/skonhetsmakeriet.se\/index.php\/wp-json\/wp\/v2\/media?parent=3"}],"curies":[{"name":"wp","href":"https:\/\/api.w.org\/{rel}","templated":true}]}}