{"id":190,"date":"2025-02-04T11:12:29","date_gmt":"2025-02-04T11:12:29","guid":{"rendered":"https:\/\/skonhetsmakeriet.se\/?page_id=190"},"modified":"2025-02-11T16:33:42","modified_gmt":"2025-02-11T16:33:42","slug":"om","status":"publish","type":"page","link":"https:\/\/skonhetsmakeriet.se\/index.php\/om\/","title":{"rendered":"Om"},"content":{"rendered":"\t\t<div data-elementor-type=\"wp-page\" data-elementor-id=\"190\" class=\"elementor elementor-190\" data-elementor-post-type=\"page\">\n\t\t\t\t<div class=\"elementor-element elementor-element-68da7d2 e-flex e-con-boxed e-con e-parent\" data-id=\"68da7d2\" data-element_type=\"container\" data-e-type=\"container\">\n\t\t\t\t\t<div class=\"e-con-inner\">\n\t\t<div class=\"elementor-element elementor-element-99b00b9 e-con-full e-flex e-con e-child\" data-id=\"99b00b9\" data-element_type=\"container\" data-e-type=\"container\">\n\t\t\t\t<div class=\"elementor-element elementor-element-2f70e68 elementor-widget elementor-widget-image\" data-id=\"2f70e68\" data-element_type=\"widget\" data-e-type=\"widget\" data-widget_type=\"image.default\">\n\t\t\t\t<div class=\"elementor-widget-container\">\n\t\t\t\t\t\t\t\t\t\t\t\t\t\t\t<img fetchpriority=\"high\" decoding=\"async\" width=\"800\" height=\"602\" src=\"https:\/\/skonhetsmakeriet.se\/wp-content\/uploads\/2025\/02\/112df445-f793-4de1-817c-878adaa9a78f-1024x770.webp\" class=\"attachment-large size-large wp-image-270\" alt=\"\" srcset=\"https:\/\/skonhetsmakeriet.se\/wp-content\/uploads\/2025\/02\/112df445-f793-4de1-817c-878adaa9a78f-1024x770.webp 1024w, https:\/\/skonhetsmakeriet.se\/wp-content\/uploads\/2025\/02\/112df445-f793-4de1-817c-878adaa9a78f-300x226.webp 300w, https:\/\/skonhetsmakeriet.se\/wp-content\/uploads\/2025\/02\/112df445-f793-4de1-817c-878adaa9a78f-768x577.webp 768w, https:\/\/skonhetsmakeriet.se\/wp-content\/uploads\/2025\/02\/112df445-f793-4de1-817c-878adaa9a78f-600x451.webp 600w, https:\/\/skonhetsmakeriet.se\/wp-content\/uploads\/2025\/02\/112df445-f793-4de1-817c-878adaa9a78f.webp 1152w\" sizes=\"(max-width: 800px) 100vw, 800px\" \/>\t\t\t\t\t\t\t\t\t\t\t\t\t\t\t<\/div>\n\t\t\t\t<\/div>\n\t\t\t\t<div class=\"elementor-element elementor-element-bd9718d elementor-widget elementor-widget-text-editor\" data-id=\"bd9718d\" data-element_type=\"widget\" data-e-type=\"widget\" data-widget_type=\"text-editor.default\">\n\t\t\t\t<div class=\"elementor-widget-container\">\n\t\t\t\t\t\t\t\t\t<p data-pm-slice=\"1 1 []\"><strong>Varmt v\u00e4lkommen till Sk\u00f6nhetsmakeriet i Markaryd!<\/strong><\/p>\n<p>Hos oss hittar du ett brett utbud av sk\u00f6nhetsbehandlingar, utbildningar och en butik fylld med sk\u00f6nhetsprodukter och tillbeh\u00f6r till dina behandlingar.&nbsp;<\/p>\n<p><strong>Kontaktpersoner:<\/strong><\/p>\n<ul data-spread=\"false\">\n<li>\n<p><strong>Johanna<\/strong>: 0736484666<\/p>\n<\/li>\n<li>\n<p><strong>Hannah<\/strong>: 0738122977<\/p>\n<\/li>\n<li>\n<p><strong>Sara<\/strong>: 0705774370<\/p>\n<\/li>\n<li>\n<p><strong>Rebecca<\/strong>: 0768537116<\/p>\n<\/li>\n<li>\n<p><strong>Felizia<\/strong>: 0761830180<\/p>\n<\/li>\n<\/ul>\n<h3><strong>Om Salongen<\/strong><\/h3>\n<p>Jag som driver Sk\u00f6nhetsmakeriet heter Johanna Biarner. Ut\u00f6ver alla behandlingar vi erbjuder \u00e4r vi en av Sm\u00e5lands st\u00f6rsta sk\u00f6nhetsskolor.<\/p>\n<h3><strong>V\u00e5ra Utbildningar<\/strong><\/h3>\n<p>Vi h\u00e5ller professionella utbildningar inom:<\/p>\n<ul data-spread=\"false\">\n<li>\n<p><strong>H\u00e4rdplaster<\/strong> (obligatoriskt f\u00f6r att jobba med frans- eller nagelf\u00f6rl\u00e4ngning)<\/p>\n<\/li>\n<li>\n<p><strong>Fransf\u00f6rl\u00e4ngning<\/strong> (Singel, Mixade &amp; Volym)<\/p>\n<\/li>\n<li>\n<p><strong>Lashlift &amp; Browlift<\/strong><\/p>\n<\/li>\n<li>\n<p><strong>Microneedling &amp; BB Glow<\/strong><\/p>\n<\/li>\n<li>\n<p><strong>Spraytan<\/strong><\/p>\n<\/li>\n<li>\n<p><strong>Fillers med hyaluronpen<\/strong><\/p>\n<\/li>\n<li>\n<p><strong>Tandblekning (DSmile)<\/strong><\/p>\n<\/li>\n<li>\n<p><strong>Tandsmycken (Twinkles)<\/strong><\/p>\n<\/li>\n<\/ul>\n<h3><strong>V\u00e5rt Team<\/strong><\/h3>\n<h4><strong>Johanna Biarner<\/strong> &#8211; Grundare och Certifierad Specialist<\/h4>\n<ul data-spread=\"false\">\n<li>\n<p>Sk\u00f6nhetsterapeut sedan 2016<\/p>\n<\/li>\n<li>Utbildare sedan 2018<br><br><\/li>\n<li>\n<p>Certifierad f\u00f6r \u00f6ron-, n\u00e4s- och navelpiercing<\/p><\/li>\n<\/ul>\n<h4><b>Hannah<\/b> &#8211; Sk\u00f6nhetsterapeut<\/h4>\n<ul data-spread=\"false\">\n<li>\n<p>Certifierad inom fransf\u00f6rl\u00e4ngning (singel, mix, volym)<\/p>\n<\/li>\n<li>\n<p>Utbildad inom \u00f6ronh\u00e5ltagning, lashlift, browlift, vaxning och spraytan<\/p>\n<\/li>\n<li>\n<p>Under utbildning i massage<\/p>\n<\/li>\n<\/ul>\n<h4><strong>Rebecca<\/strong> &#8211; Nagelteknolog<\/h4>\n<ul data-spread=\"false\">\n<li>\n<p>Utbildad inom nagelf\u00f6rl\u00e4ngning<\/p>\n<\/li>\n<li>\n<p>Specialist inom spa-pedikyr<\/p>\n<\/li>\n<\/ul>\n<h4><strong>Felizia<\/strong> &#8211; Fris\u00f6relev<\/h4>\n<ul data-spread=\"false\">\n<li><p>Avklarat delprov<\/p><\/li><li>\n<p>Handleds av Sara<\/p>\n<\/li>\n<\/ul>\n<h4><strong>Sara<\/strong> &#8211; Fris\u00f6r<\/h4>\n<ul data-spread=\"false\">\n<li>\n<p>Driver <strong>Studio30<\/strong> och hyr plats hos oss<\/p>\n<\/li>\n<\/ul>\n<h3><strong>Betalningsalternativ<\/strong><\/h3>\n<p>Hos oss kan du betala med:<\/p>\n<ul data-spread=\"false\">\n<li>\n<p>F\u00f6retagsswish<\/p>\n<\/li>\n<li>\n<p>Kontanter<\/p>\n<\/li>\n<li>\n<p>Faktura<\/p>\n<\/li>\n<li>\n<p>Klarna-faktura<\/p>\n<\/li>\n<\/ul>\n<h3><strong>Handikappanpassad och Certifierad Salong<\/strong><\/h3>\n<p>V\u00e5r salong \u00e4r fullt handikappanpassad och certifierad f\u00f6r hygienisk verksamhet av Milj\u00f6 &amp; H\u00e4lsa.<\/p>\n<p>Vi tar emot rekvisitioner f\u00f6r bl.a. <strong>alopecia<\/strong> vid microblading och \u00f6gonfransf\u00f6rl\u00e4ngning.<\/p>\n<h3><strong>OBS!<\/strong><\/h3>\n<p>Vi har sm\u00e5 hundar som ibland \u00e4r med p\u00e5 salongen!<\/p>\t\t\t\t\t\t\t\t<\/div>\n\t\t\t\t<\/div>\n\t\t\t\t<\/div>\n\t\t<div class=\"elementor-element elementor-element-cbb4471 e-con-full e-flex e-con e-child\" data-id=\"cbb4471\" data-element_type=\"container\" data-e-type=\"container\">\n\t\t\t\t<div class=\"elementor-element elementor-element-d3ccfa9 elementor-widget elementor-widget-text-editor\" data-id=\"d3ccfa9\" data-element_type=\"widget\" data-e-type=\"widget\" data-widget_type=\"text-editor.default\">\n\t\t\t\t<div class=\"elementor-widget-container\">\n\t\t\t\t\t\t\t\t\t<p><img decoding=\"async\" class=\"size-medium wp-image-13 aligncenter\" src=\"https:\/\/skonhetsmakeriet.se\/wp-content\/uploads\/2025\/02\/274095010_5376279582401749_6775302874190031417_n-300x300.jpg\" alt=\"\" width=\"300\" height=\"300\" srcset=\"https:\/\/skonhetsmakeriet.se\/wp-content\/uploads\/2025\/02\/274095010_5376279582401749_6775302874190031417_n-300x300.jpg 300w, https:\/\/skonhetsmakeriet.se\/wp-content\/uploads\/2025\/02\/274095010_5376279582401749_6775302874190031417_n-100x100.jpg 100w, https:\/\/skonhetsmakeriet.se\/wp-content\/uploads\/2025\/02\/274095010_5376279582401749_6775302874190031417_n-600x599.jpg 600w, https:\/\/skonhetsmakeriet.se\/wp-content\/uploads\/2025\/02\/274095010_5376279582401749_6775302874190031417_n-150x150.jpg 150w, https:\/\/skonhetsmakeriet.se\/wp-content\/uploads\/2025\/02\/274095010_5376279582401749_6775302874190031417_n-768x767.jpg 768w, https:\/\/skonhetsmakeriet.se\/wp-content\/uploads\/2025\/02\/274095010_5376279582401749_6775302874190031417_n.jpg 960w\" sizes=\"(max-width: 300px) 100vw, 300px\" \/><\/p>\t\t\t\t\t\t\t\t<\/div>\n\t\t\t\t<\/div>\n\t\t\t\t<\/div>\n\t\t\t\t\t<\/div>\n\t\t\t\t<\/div>\n\t\t\t\t<\/div>\n\t\t","protected":false},"excerpt":{"rendered":"<p>Varmt v\u00e4lkommen till Sk\u00f6nhetsmakeriet i Markaryd! Hos oss hittar du ett brett utbud av sk\u00f6nhetsbehandlingar, utbildningar och en butik fylld med sk\u00f6nhetsprodukter och tillbeh\u00f6r till dina behandlingar.&nbsp; Kontaktpersoner: Johanna: 0736484666 Hannah: 0738122977 Sara: 0705774370 Rebecca: 0768537116 Felizia: 0761830180 Om Salongen Jag som driver Sk\u00f6nhetsmakeriet heter Johanna Biarner. Ut\u00f6ver alla behandlingar vi erbjuder \u00e4r vi en [&hellip;]<\/p>\n","protected":false},"author":1,"featured_media":270,"parent":0,"menu_order":0,"comment_status":"closed","ping_status":"closed","template":"","meta":{"footnotes":""},"class_list":["post-190","page","type-page","status-publish","has-post-thumbnail","hentry"],"jetpack_sharing_enabled":true,"_links":{"self":[{"href":"https:\/\/skonhetsmakeriet.se\/index.php\/wp-json\/wp\/v2\/pages\/190","targetHints":{"allow":["GET"]}}],"collection":[{"href":"https:\/\/skonhetsmakeriet.se\/index.php\/wp-json\/wp\/v2\/pages"}],"about":[{"href":"https:\/\/skonhetsmakeriet.se\/index.php\/wp-json\/wp\/v2\/types\/page"}],"author":[{"embeddable":true,"href":"https:\/\/skonhetsmakeriet.se\/index.php\/wp-json\/wp\/v2\/users\/1"}],"replies":[{"embeddable":true,"href":"https:\/\/skonhetsmakeriet.se\/index.php\/wp-json\/wp\/v2\/comments?post=190"}],"version-history":[{"count":17,"href":"https:\/\/skonhetsmakeriet.se\/index.php\/wp-json\/wp\/v2\/pages\/190\/revisions"}],"predecessor-version":[{"id":424,"href":"https:\/\/skonhetsmakeriet.se\/index.php\/wp-json\/wp\/v2\/pages\/190\/revisions\/424"}],"wp:featuredmedia":[{"embeddable":true,"href":"https:\/\/skonhetsmakeriet.se\/index.php\/wp-json\/wp\/v2\/media\/270"}],"wp:attachment":[{"href":"https:\/\/skonhetsmakeriet.se\/index.php\/wp-json\/wp\/v2\/media?parent=190"}],"curies":[{"name":"wp","href":"https:\/\/api.w.org\/{rel}","templated":true}]}}